{"id":274,"date":"2017-08-30T12:00:48","date_gmt":"2017-08-30T12:00:48","guid":{"rendered":"http:\/\/parafiaszklarygorne.pl\/?page_id=274"},"modified":"2017-08-30T12:00:48","modified_gmt":"2017-08-30T12:00:48","slug":"chor-parafialny-2","status":"publish","type":"page","link":"https:\/\/parafiaszklarygorne.pl\/index.php\/chor-parafialny-2\/","title":{"rendered":"Ch\u00f3r parafialny"},"content":{"rendered":"<p><span style=\"color: #000000;\">Ch\u00f3r parafialny pod kierunkiem organisty <strong>p. Wojciecha Banacha<\/strong>, za\u0142o\u017cony zosta\u0142 w listopadzie 2012 r. \u015apiewem u\u015bwietnia \u015bwi\u0119ta i uroczysto\u015bci, tj.odpusty, wizyty pasterskie biskupa, bierzmowania itp. W repertuarze ch\u00f3ru znajduj\u0105 si\u0119 m.in. kol\u0119da &#8222;Adeste fideles&#8221;, &#8222;Ave Verum&#8221; V.A. Mozarta, &#8222;Modlitwa Kap\u0142ana&#8221; G. Verdiego, &#8221; Panis angelicus &#8221; C. Francka, &#8221; Cantate Domino &#8221; A. Gretchaninoffa oraz cz\u0119\u015bci sta\u0142e Mszy \u015aw.\u00a0 w j\u0119zyku \u0142aci\u0144skim. Obecnie ch\u00f3r zrzesza 15 cz\u0142onk\u00f3w, \u015bpiewaj\u0105cych w trzech g\u0142osach. Pr\u00f3by odbywaj\u0105 si\u0119 w ka\u017cd\u0105 sobot\u0119, o godz.\u00a0 10.30, w sali Ko\u0142a Gospody\u0144 Wiejskich w Szklarach G\u00f3rnych. Zapraszamy osoby ch\u0119tne\u00a0 do wsp\u00f3lnego wys\u0142awiania Boga \u015bpiewem, gdy\u017c &#8222;Kto \u015bpiewa, dwa razy si\u0119 modli.&#8221;<\/span><\/p>\n","protected":false},"excerpt":{"rendered":"<p>Ch\u00f3r parafialny pod kierunkiem organisty p. Wojciecha Banacha, za\u0142o\u017cony zosta\u0142 w listopadzie 2012 r. \u015apiewem u\u015bwietnia \u015bwi\u0119ta i uroczysto\u015bci, tj.odpusty, wizyty pasterskie biskupa, bierzmowania itp. W repertuarze ch\u00f3ru znajduj\u0105 si\u0119 m.in. kol\u0119da &#8222;Adeste fideles&#8221;, &#8222;Ave<\/p>\n","protected":false},"author":2,"featured_media":0,"parent":0,"menu_order":0,"comment_status":"closed","ping_status":"closed","template":"","meta":{"footnotes":""},"class_list":["post-274","page","type-page","status-publish","hentry"],"_links":{"self":[{"href":"https:\/\/parafiaszklarygorne.pl\/index.php\/wp-json\/wp\/v2\/pages\/274","targetHints":{"allow":["GET"]}}],"collection":[{"href":"https:\/\/parafiaszklarygorne.pl\/index.php\/wp-json\/wp\/v2\/pages"}],"about":[{"href":"https:\/\/parafiaszklarygorne.pl\/index.php\/wp-json\/wp\/v2\/types\/page"}],"author":[{"embeddable":true,"href":"https:\/\/parafiaszklarygorne.pl\/index.php\/wp-json\/wp\/v2\/users\/2"}],"replies":[{"embeddable":true,"href":"https:\/\/parafiaszklarygorne.pl\/index.php\/wp-json\/wp\/v2\/comments?post=274"}],"version-history":[{"count":0,"href":"https:\/\/parafiaszklarygorne.pl\/index.php\/wp-json\/wp\/v2\/pages\/274\/revisions"}],"wp:attachment":[{"href":"https:\/\/parafiaszklarygorne.pl\/index.php\/wp-json\/wp\/v2\/media?parent=274"}],"curies":[{"name":"wp","href":"https:\/\/api.w.org\/{rel}","templated":true}]}}