{"id":247,"date":"2017-08-30T11:50:52","date_gmt":"2017-08-30T11:50:52","guid":{"rendered":"http:\/\/parafiaszklarygorne.pl\/?page_id=247"},"modified":"2026-03-07T14:00:52","modified_gmt":"2026-03-07T13:00:52","slug":"bierzmowanie","status":"publish","type":"page","link":"https:\/\/parafiaszklarygorne.pl\/index.php\/bierzmowanie\/","title":{"rendered":"Bierzmowanie"},"content":{"rendered":"\n<figure class=\"wp-block-image size-large is-resized\"><img loading=\"lazy\" decoding=\"async\" width=\"512\" height=\"342\" src=\"http:\/\/parafiaszklarygorne.pl\/wp-content\/uploads\/2021\/09\/unnamed.jpg\" alt=\"\" class=\"wp-image-3824\" style=\"width:841px;height:auto\" srcset=\"https:\/\/parafiaszklarygorne.pl\/wp-content\/uploads\/2021\/09\/unnamed.jpg 512w, https:\/\/parafiaszklarygorne.pl\/wp-content\/uploads\/2021\/09\/unnamed-300x200.jpg 300w, https:\/\/parafiaszklarygorne.pl\/wp-content\/uploads\/2021\/09\/unnamed-420x280.jpg 420w\" sizes=\"auto, (max-width: 512px) 100vw, 512px\" \/><\/figure>\n\n\n\n<h2 class=\"wp-block-heading\">PRZYGOTOWANIE DO BIERZMOWANIA<\/h2>\n\n\n\n<p><strong>SPOTKANIA W ROKU FORMACYJNYM 2025\/2026<\/strong><br>Spotkania formacyjne w bie\u017c\u0105cym roku duszpasterskim odbywa\u0107 si\u0119 b\u0119d\u0105 w pi\u0105tki. Kandydaci z klas VI, VII i VIII uczestnicz\u0105 w Eucharystii o 18:00, a po niej klasy VII i VIII bior\u0105 udzia\u0142 w spotkaniu w Oratorium wed\u0142ug harmonogramu poni\u017cej.<\/p>\n\n\n\n<p><strong>Prosimy o regularne korzystanie z sakramentu pojednania (mo\u017cliwo\u015b\u0107 w \u015brody i pierwsze pi\u0105tki miesi\u0105ca 17:30-18:00).<\/strong><\/p>\n\n\n\n<p class=\"has-text-align-left\"><strong>TERMINY SPOTKA\u0143 PI\u0104TKOWYCH II P\u00d3\u0141ROCZA<\/strong><\/p>\n\n\n\n<p class=\"has-text-align-left\"><strong>Marzec<\/strong><br>13.03 Droga Krzy\u017cowa i Eucharystia \/ Spotkanie po Eucharystii klasy VI, VII i VIII<br>20.03 Droga Krzy\u017cowa i Eucharystia &#8211; klasy VI, VII i VIII \/ Spotkanie po Eucharystii tylko dla kl. VIII<br>27.03 Plenerowa Droga Krzy\u017cowa (przej\u015bcie z Obory do Szklar, udzia\u0142 obowi\u0105zkowy dla wszystkich kandydat\u00f3w) <\/p>\n\n\n\n<p class=\"has-text-align-left\"><strong>Kwiecie\u0144<\/strong><br>2,3,4.04 Triduum Paschalne (udzia\u0142 obowi\u0105zkowy dla wszystkich kandydat\u00f3w, do wyboru w Szklarach b\u0105d\u017a Oborze &#8211; wpis do dzienniczk\u00f3w)<br>10.04 Eucharystia klasy VI, VII i VIII, spotkanie tylko dla klas VIII<br>17-19.04 Oratoriada (dla ch\u0119tnych)<br>24.04 Eucharystia klasy VI, VII i VIII, spotkanie tylko dla klas VIII<\/p>\n\n\n\n<p class=\"has-text-align-left\"><strong>Maj<\/strong><br>15.05 Nabo\u017ce\u0144stwo majowe i Eucharystia &#8211; klasy VI, VII i VIII \/ Spotkanie i pr\u00f3ba ceremonii dla kl. VIII po mszy<br>22.05 Nabo\u017ce\u0144stwo majowe i Eucharystia &#8211; klasy VI, VII i VIII \/ Spotkanie i pr\u00f3ba ceremonii dla kl. VIII po mszy<br>29.05 Okazja do spowiedzi (od 17:00) &#8211; klasy VIII, rodzice, \u015bwiadkowie i bliscy, Eucharystia i pr\u00f3ba ceremonii ze \u015bwiadkami <\/p>\n\n\n\n<p class=\"has-text-align-left\"><strong>Czerwiec<\/strong><br>12.06 Eucharystia i spotkanie dla kandydat\u00f3w z klas VI i VII<br>19.06 Eucharystia dla kandydat\u00f3w i ich rodzic\u00f3w z klas VI i VII<\/p>\n\n\n\n<p class=\"has-text-align-left\"><strong>Sakrament bierzmowania w bie\u017c\u0105cym roku formacyjnym zostanie udzielony kandydatom 30 maja 2026 r. o godz. 18:00 w ko\u015bciele parafialnym w Szklarach G\u00f3rnych. <\/strong><\/p>\n\n\n\n<p class=\"has-text-align-left\">Formacja do sakramentu zwyczajowo trwa 3 lata i odbywa si\u0119 w ostatnich klasach szko\u0142y podstawowej (VI, VII i VIII), osoby kt\u00f3re chc\u0105 rozpocz\u0105\u0107 przygotowanie do przyj\u0119cia sakramentu prosimy o dokonanie zg\u0142oszenia u ks. Marcina: 661 093 103 do 12 wrze\u015bnia 2025 r.<\/p>\n\n\n\n<p>TERMINY SPOTKA\u0143 PI\u0104TKOWYCH I P\u00d3\u0141ROCZA<br><strong>Wrzesie\u0144<\/strong><br>5.09<br>12.09<br><strong>21.09 MSZA DLA RODZIC\u00d3W I KANDYDAT\u00d3W 11:30 <\/strong>[UWAGA! NIEDZIELA!]<br>26.09<br><strong>Pa\u017adziernik<\/strong><br>2.10<br>17.10<br>24-26.10 wyjazd klas 8 (Spotkanie inspektorialne)<br><strong>Listopad<\/strong><br>7.11<br>14.11<br>21.11<br><strong>Grudzie\u0144<\/strong><br>5.12<br>12.12<br>19.12<\/p>\n","protected":false},"excerpt":{"rendered":"<p>PRZYGOTOWANIE DO BIERZMOWANIA SPOTKANIA W ROKU FORMACYJNYM 2025\/2026Spotkania formacyjne w bie\u017c\u0105cym roku duszpasterskim odbywa\u0107 si\u0119 b\u0119d\u0105 w pi\u0105tki. Kandydaci z klas VI, VII i VIII uczestnicz\u0105 w Eucharystii o 18:00, a po niej klasy VII<\/p>\n","protected":false},"author":2,"featured_media":0,"parent":0,"menu_order":0,"comment_status":"closed","ping_status":"closed","template":"","meta":{"footnotes":""},"class_list":["post-247","page","type-page","status-publish","hentry"],"_links":{"self":[{"href":"https:\/\/parafiaszklarygorne.pl\/index.php\/wp-json\/wp\/v2\/pages\/247","targetHints":{"allow":["GET"]}}],"collection":[{"href":"https:\/\/parafiaszklarygorne.pl\/index.php\/wp-json\/wp\/v2\/pages"}],"about":[{"href":"https:\/\/parafiaszklarygorne.pl\/index.php\/wp-json\/wp\/v2\/types\/page"}],"author":[{"embeddable":true,"href":"https:\/\/parafiaszklarygorne.pl\/index.php\/wp-json\/wp\/v2\/users\/2"}],"replies":[{"embeddable":true,"href":"https:\/\/parafiaszklarygorne.pl\/index.php\/wp-json\/wp\/v2\/comments?post=247"}],"version-history":[{"count":46,"href":"https:\/\/parafiaszklarygorne.pl\/index.php\/wp-json\/wp\/v2\/pages\/247\/revisions"}],"predecessor-version":[{"id":7662,"href":"https:\/\/parafiaszklarygorne.pl\/index.php\/wp-json\/wp\/v2\/pages\/247\/revisions\/7662"}],"wp:attachment":[{"href":"https:\/\/parafiaszklarygorne.pl\/index.php\/wp-json\/wp\/v2\/media?parent=247"}],"curies":[{"name":"wp","href":"https:\/\/api.w.org\/{rel}","templated":true}]}}