{"id":143,"date":"2017-08-30T07:07:16","date_gmt":"2017-08-30T07:07:16","guid":{"rendered":"http:\/\/parafiaszklarygorne.pl\/?page_id=143"},"modified":"2017-08-30T07:07:16","modified_gmt":"2017-08-30T07:07:16","slug":"liturgiczna-sluzba-oltarza","status":"publish","type":"page","link":"https:\/\/parafiaszklarygorne.pl\/index.php\/liturgiczna-sluzba-oltarza\/","title":{"rendered":"Liturgiczna s\u0142u\u017cba o\u0142tarza"},"content":{"rendered":"<p><img loading=\"lazy\" decoding=\"async\" src=\"http:\/\/serwer1636005.home.pl\/kreator\/nowa\/ministranci.png\" alt=\"\" width=\"607\" height=\"243\" \/><br \/>\n<img loading=\"lazy\" decoding=\"async\" src=\"http:\/\/serwer1636005.home.pl\/kreator\/nowa\/savio.png\" alt=\"\" width=\"422\" height=\"94\" \/><br \/>\nDominik urodzi\u0142 si\u0119 w wiosce Riva di Chieri w Piemoncie w 1842 r. Jego ojciec by\u0142 rzemie\u015blnikiem, a matka krawcow\u0105.\u00a0Ju\u017c w\u00a0wieku 5 lat s\u0142u\u017cy\u0142 do Mszy \u015bwi\u0119tej jako ministrant w\u00a0wieku\u00a0 7 lat przyj\u0105\u0142\u00a0 pierwsz\u0105 komuni\u0119 \u015bwi\u0119t\u0105 co by\u0142o w tamtych latach rzadko\u015bci\u0105.<br \/>\nO jego dojrza\u0142o\u015bci \u015bwiadcz\u0105 postanowienia po przyj\u0119ciu po raz\u00a0 pierwszy\u00a0 komunii:<br \/>\n&#8211; B\u0119d\u0119 cz\u0119sto si\u0119 spowiada\u0142, a do komunii przyst\u0119powa\u0142 ilekro\u0107 pozwoli mi na to m\u00f3j spowiednik<br \/>\n&#8211; Moimi przyjaci\u00f3\u0142mi b\u0119d\u0105 Jezus i Maryja<br \/>\n&#8211; \u015amier\u0107 \u2013 tak, ale nie grzech<br \/>\nMaj\u0105c 12 lat spotka\u0142 \u015bw. Jana Bosco, kt\u00f3ry przyj\u0105\u0142 go do swego Oratorium w Turynie. Nawi\u0105za\u0142a si\u0119 mi\u0119dzy nimi szczeg\u00f3lna duchowa wi\u0119\u017a. W trzy lata p\u00f3\u017aniej Dominik umar\u0142. Mimo bardzo m\u0142odego wieku, po\u015br\u00f3d zwyczajnych obowi\u0105zk\u00f3w codzienno\u015bci, przebywaj\u0105c mi\u0119dzy r\u00f3wie\u015bnikami, osi\u0105gn\u0105\u0142 \u015bwi\u0119to\u015b\u0107. Jej rozumienie zawar\u0142 w li\u015bcie do przyjaciela: &#8222;Tu, na ziemi, \u015bwi\u0119to\u015b\u0107 polega na tym, aby stale by\u0107 radosnym i wiernie wype\u0142nia\u0107 nasze obowi\u0105zki&#8221;.<br \/>\nPapie\u017c Pius XI powiedzia\u0142 o nim: &#8222;Ma\u0142y \u015bwi\u0119ty, ale gigant ducha&#8221;. Beatyfikowany w 1950 roku, kanonizowany w 1954. Dominik Savio to najm\u0142odszy wyznawca, jakiego kanonizowa\u0142 Ko\u015bci\u00f3\u0142.\u00a0Relikwie \u015bwi\u0119tego znajduj\u0105 si\u0119 w Turynie w bazylice Naj\u015bwi\u0119tszej Maryi Panny Wspomo\u017cenia Wiernych w pobli\u017cu relikwii \u015bw. Jana Bosko. Wspomnienie \u015bwi\u0119tego obchodzone jest w ko\u015bciele katolicki w Polsce\u00a0 9\u00a0 marca.<br \/>\n<em>Bo\u017ce, \u017ar\u00f3d\u0142o wszelkiego dobra, Ty w \u015bwi\u0119tym Dominiku Savio da\u0142e\u015b m\u0142odzie\u017cy przedziwny przyk\u0142ad mi\u0142o\u015bci i czysto\u015bci. Dozw\u00f3l r\u00f3wnie\u017c nam, swoim dzieciom, wzrasta\u0107 w rado\u015bci i mi\u0142o\u015bci, a\u017c do miary wielko\u015bci wed\u0142ug pe\u0142ni Chrystusa. Przez naszego Pana, Jezusa Chrystusa, Twojego Syna, kt\u00f3ry z Tob\u0105 \u017cyje i kr\u00f3luje w jedno\u015bci Ducha \u015awi\u0119tego B\u00f3g, przez wszystkie wieki wiek\u00f3w. Amen<\/em><\/p>\n","protected":false},"excerpt":{"rendered":"<p>Dominik urodzi\u0142 si\u0119 w wiosce Riva di Chieri w Piemoncie w 1842 r. Jego ojciec by\u0142 rzemie\u015blnikiem, a matka krawcow\u0105.\u00a0Ju\u017c w\u00a0wieku 5 lat s\u0142u\u017cy\u0142 do Mszy \u015bwi\u0119tej jako ministrant w\u00a0wieku\u00a0 7 lat przyj\u0105\u0142\u00a0 pierwsz\u0105 komuni\u0119<\/p>\n","protected":false},"author":2,"featured_media":0,"parent":0,"menu_order":0,"comment_status":"closed","ping_status":"closed","template":"","meta":{"footnotes":""},"class_list":["post-143","page","type-page","status-publish","hentry"],"_links":{"self":[{"href":"https:\/\/parafiaszklarygorne.pl\/index.php\/wp-json\/wp\/v2\/pages\/143","targetHints":{"allow":["GET"]}}],"collection":[{"href":"https:\/\/parafiaszklarygorne.pl\/index.php\/wp-json\/wp\/v2\/pages"}],"about":[{"href":"https:\/\/parafiaszklarygorne.pl\/index.php\/wp-json\/wp\/v2\/types\/page"}],"author":[{"embeddable":true,"href":"https:\/\/parafiaszklarygorne.pl\/index.php\/wp-json\/wp\/v2\/users\/2"}],"replies":[{"embeddable":true,"href":"https:\/\/parafiaszklarygorne.pl\/index.php\/wp-json\/wp\/v2\/comments?post=143"}],"version-history":[{"count":0,"href":"https:\/\/parafiaszklarygorne.pl\/index.php\/wp-json\/wp\/v2\/pages\/143\/revisions"}],"wp:attachment":[{"href":"https:\/\/parafiaszklarygorne.pl\/index.php\/wp-json\/wp\/v2\/media?parent=143"}],"curies":[{"name":"wp","href":"https:\/\/api.w.org\/{rel}","templated":true}]}}